{"id":44,"date":"2013-09-15T09:25:52","date_gmt":"2013-09-15T08:25:52","guid":{"rendered":"http:\/\/www.gsara.tv\/irm\/?page_id=44"},"modified":"2013-12-03T16:19:53","modified_gmt":"2013-12-03T15:19:53","slug":"conference-augmentee","status":"publish","type":"page","link":"https:\/\/www.gsara.tv\/irm\/?page_id=44","title":{"rendered":"Le Cerveaurium, une installation scientifico-po\u00e9tique (10\/12)"},"content":{"rendered":"<p><strong>Visitez vos m\u00e9ninges <\/strong><\/p>\n<p>Nous accueillons <strong>le Cerveaurium, une installation scientifico-po\u00e9tique<br \/>\n<\/strong><\/p>\n<p><a href=\"http:\/\/www.gsara.tv\/irm\/wp-content\/uploads\/2013\/12\/Cerveaurium-Dome.jpeg\"><img loading=\"lazy\" decoding=\"async\" class=\"alignnone size-full wp-image-74\" alt=\"Cerveaurium-Dome\" src=\"http:\/\/www.gsara.tv\/irm\/wp-content\/uploads\/2013\/12\/Cerveaurium-Dome.jpeg\" width=\"294\" height=\"171\" \/><\/a><\/p>\n<p><a href=\"http:\/\/www.gsara.tv\/irm\/wp-content\/uploads\/2013\/09\/cerveaurium2.jpg\"><img loading=\"lazy\" decoding=\"async\" class=\"alignnone size-medium wp-image-38\" alt=\"cerveaurium2\" src=\"http:\/\/www.gsara.tv\/irm\/wp-content\/uploads\/2013\/09\/cerveaurium2-300x199.jpg\" width=\"285\" height=\"189\" srcset=\"https:\/\/www.gsara.tv\/irm\/wp-content\/uploads\/2013\/09\/cerveaurium2-300x199.jpg 300w, https:\/\/www.gsara.tv\/irm\/wp-content\/uploads\/2013\/09\/cerveaurium2-1024x679.jpg 1024w, https:\/\/www.gsara.tv\/irm\/wp-content\/uploads\/2013\/09\/cerveaurium2.jpg 1064w\" sizes=\"(max-width: 285px) 100vw, 285px\" \/><\/a><\/p>\n<p>Projet in\u00e9dit, interactif, p\u00e9dagogique, et immersif de projection de l\u2019activit\u00e9 c\u00e9r\u00e9brale en temps r\u00e9el. Le cerveaurium permet \u00e0 plusieurs personnes de se retrouver au centre d&rsquo;un cerveau et de \u00ab\u00a0visualiser\u00a0\u00bb l&rsquo;activit\u00e9 c\u00e9r\u00e9brale enregistr\u00e9e \u00e0 la surface du scalp d&rsquo;une des personnes du public sous forme d&rsquo;animations et de sons, projet\u00e9s en temps r\u00e9el sur un \u00e9cran h\u00e9misph\u00e9rique ; une musicienne en assure la partie artistique. Ce projet lie de mani\u00e8re ludique art et science.<\/p>\n<style type=\"text\/css\"><!--\nP { margin-bottom: 0.21cm; }A:link {  }\n--><\/style>\n<p>Soyez le(s)bienvenu(s) pour participer \u00e0 l&rsquo;une des s\u00e9ances d&rsquo;animation (40 \u00e0 45&prime;)<br \/>\n<strong>Le mardi 10 d\u00e9cembre<\/strong><br \/>\nHoraires : 9h45 &#8211; 11h &#8211; 13h30 &#8211; 14h45 &#8211; 16h.<br \/>\nChaque s\u00e9ance d&rsquo;animation permet d\u2019aborder les fonctions neurologiques individualis\u00e9es telles que le langage, la vision ou la m\u00e9moire mais aussi les capacit\u00e9s d\u2019apprentissage du cerveau.<\/p>\n<p>Tout type de public : scolaires et p\u00e9riscolaires, publics en difficult\u00e9, publics emp\u00each\u00e9s, universit\u00e9s,..<br \/>\nTh\u00e8mes : Usage des nouvelles technologies, Philosophie, Psychologie, Sciences cognitives<br \/>\nForme artistique : Cin\u00e9ma, Projection vid\u00e9o, conf\u00e9rence<\/p>\n<p>A la Maison des Cultures et de la coh\u00e9sion sociale de Molenbeek<br \/>\nRue Mommaerts, 4 &#8211; 1080 Molenbeek-Saint-Jean<br \/>\nEntr\u00e9e libre<\/p>\n<p>Plus d&rsquo;infos : <a href=\"http:\/\/http:\/\/www.leschemins-buissonniers.fr\/index.php?option=com_content&amp;view=article&amp;id=85:le-cerveaurium&amp;catid=83&amp;Itemid=471 \" target=\"_blank\">les Chemins Buissonniers<\/a><\/p>\n<style type=\"text\/css\"><!--\nP { margin-bottom: 0.21cm; }\n--><\/style>\n<p><strong>\u00a0<\/strong><\/p>\n","protected":false},"excerpt":{"rendered":"<p>Visitez vos m\u00e9ninges Nous accueillons le Cerveaurium, une installation scientifico-po\u00e9tique Projet in\u00e9dit, interactif, p\u00e9dagogique, et immersif de projection de l\u2019activit\u00e9 c\u00e9r\u00e9brale en temps r\u00e9el. Le cerveaurium permet \u00e0 plusieurs personnes de se retrouver au centre d&rsquo;un cerveau et de \u00ab\u00a0visualiser\u00a0\u00bb &hellip; <a href=\"https:\/\/www.gsara.tv\/irm\/?page_id=44\">Continuer la lecture <span class=\"meta-nav\">&rarr;<\/span><\/a><\/p>\n","protected":false},"author":2,"featured_media":0,"parent":0,"menu_order":0,"comment_status":"closed","ping_status":"closed","template":"","meta":{"footnotes":""},"_links":{"self":[{"href":"https:\/\/www.gsara.tv\/irm\/index.php?rest_route=\/wp\/v2\/pages\/44"}],"collection":[{"href":"https:\/\/www.gsara.tv\/irm\/index.php?rest_route=\/wp\/v2\/pages"}],"about":[{"href":"https:\/\/www.gsara.tv\/irm\/index.php?rest_route=\/wp\/v2\/types\/page"}],"author":[{"embeddable":true,"href":"https:\/\/www.gsara.tv\/irm\/index.php?rest_route=\/wp\/v2\/users\/2"}],"replies":[{"embeddable":true,"href":"https:\/\/www.gsara.tv\/irm\/index.php?rest_route=%2Fwp%2Fv2%2Fcomments&post=44"}],"version-history":[{"count":16,"href":"https:\/\/www.gsara.tv\/irm\/index.php?rest_route=\/wp\/v2\/pages\/44\/revisions"}],"predecessor-version":[{"id":89,"href":"https:\/\/www.gsara.tv\/irm\/index.php?rest_route=\/wp\/v2\/pages\/44\/revisions\/89"}],"wp:attachment":[{"href":"https:\/\/www.gsara.tv\/irm\/index.php?rest_route=%2Fwp%2Fv2%2Fmedia&parent=44"}],"curies":[{"name":"wp","href":"https:\/\/api.w.org\/{rel}","templated":true}]}}