{"id":2,"date":"2013-09-16T13:35:27","date_gmt":"2013-09-16T12:35:27","guid":{"rendered":"http:\/\/www.gsara.tv\/irm\/?page_id=2"},"modified":"2013-12-03T16:20:12","modified_gmt":"2013-12-03T15:20:12","slug":"page-d-exemple","status":"publish","type":"page","link":"https:\/\/www.gsara.tv\/irm\/?page_id=2","title":{"rendered":"Conf\u00e9rence augment\u00e9e (11\/12)"},"content":{"rendered":"<p><strong>Les techniques de manipulation affective en politique<br \/>\n<\/strong><br \/>\nAu travers d\u2019un parcours sp\u00e9cifique au croisement fondamental entre le marketing et les neurosciences cognitives, Gordy Pleyers d\u00e9veloppe des expertises particuli\u00e8res concernant les multiples m\u00e9canismes d\u2019influence des individus, qui peuvent souvent s\u2019exercer de fa\u00e7on inconsciente et puissante. Ses expertises concernent notamment les influences visuelles (publicit\u00e9s, packagings, sites Internet\u2026), les influences sensorielles (odeurs, musiques, couleurs\u2026), les influences en magasin mais \u00e9galement les influences des citoyens dans le domaine politique. Concernant cette derni\u00e8re th\u00e9matique, il d\u00e9montre notamment comment les connaissances scientifiques peuvent \u00eatre exploit\u00e9es pour \u00ab conqu\u00e9rir \u00bb les \u00e9lecteurs en suscitant dans leur esprit des sentiments favorables par rapport \u00e0 des candidats et des partis politiques.<br \/>\nUne conf\u00e9rence-vaccin pour nous immuniser contre les tentatives de manipulation, \u00e0 l&rsquo;horizon des \u00e9lections de mai 2014 ?<br \/>\nGordy Pleyers est professeur \u00e0 l\u2019Universit\u00e9 de Louvain, auteur du livre \u00ab L\u2019endoctrinement affectif du citoyen \u00bb et responsable de l\u2019agence de marketing MIND INSIGHTS.<\/p>\n<p>Une \u00ab\u00a0conf\u00e9rence augment\u00e9e\u00a0\u00bb avec l&rsquo;intervention de Val\u00e9rie Cordy, performeuse num\u00e9rique, directrice de la Fabrique de Th\u00e9\u00e2tre.<br \/>\nSes performances sont autant de retours \u00e0 la vol\u00e9e, imm\u00e9diats comme des smashes, acceptant la rapidit\u00e9 non pas comme une r\u00e8gle d&rsquo;un jeu mais comme un fait. Cette rapidit\u00e9 est le r\u00e9sultat d&rsquo;un vrai travail de fond, une d\u00e9marche de recherche et d\u00e9veloppement nous offrant, en guise de trajectoires et crat\u00e8res, des performances, des conf\u00e9rences m\u00ealant l&rsquo;utilisation de moyens multim\u00e9dias, sons, images, mais surtout un maniement virtuose en direct des outils de l&rsquo;Internet: r\u00e9seaux sociaux, sites scientifiques, informatifs, de positionnement g\u00e9ographique ou sociologique pour recr\u00e9er ou parfois cr\u00e9er un lien au r\u00e9el dans un contexte donn\u00e9.<\/p>\n<p>En collaboration avec Point Culture<br \/>\n<a href=\"http:\/\/www.gsara.tv\/irm\/wp-content\/uploads\/2013\/12\/new_logo_PointCulture_generique_fond_blanc.jpg\"><img loading=\"lazy\" decoding=\"async\" class=\"alignnone size-medium wp-image-84\" alt=\"new_logo_PointCulture_generique_fond_blanc\" src=\"http:\/\/www.gsara.tv\/irm\/wp-content\/uploads\/2013\/12\/new_logo_PointCulture_generique_fond_blanc-300x300.jpg\" width=\"59\" height=\"59\" srcset=\"https:\/\/www.gsara.tv\/irm\/wp-content\/uploads\/2013\/12\/new_logo_PointCulture_generique_fond_blanc-300x300.jpg 300w, https:\/\/www.gsara.tv\/irm\/wp-content\/uploads\/2013\/12\/new_logo_PointCulture_generique_fond_blanc-150x150.jpg 150w, https:\/\/www.gsara.tv\/irm\/wp-content\/uploads\/2013\/12\/new_logo_PointCulture_generique_fond_blanc-1024x1024.jpg 1024w, https:\/\/www.gsara.tv\/irm\/wp-content\/uploads\/2013\/12\/new_logo_PointCulture_generique_fond_blanc.jpg 1299w\" sizes=\"(max-width: 59px) 100vw, 59px\" \/><\/a><\/p>\n<p><strong>Le mardi 22 octobre \u00e0 19h30<\/strong><br \/>\nA Point Culture<br \/>\nRue Royale 145 &#8211; 1000 Bruxelles<\/p>\n","protected":false},"excerpt":{"rendered":"<p>Les techniques de manipulation affective en politique Au travers d\u2019un parcours sp\u00e9cifique au croisement fondamental entre le marketing et les neurosciences cognitives, Gordy Pleyers d\u00e9veloppe des expertises particuli\u00e8res concernant les multiples m\u00e9canismes d\u2019influence des individus, qui peuvent souvent s\u2019exercer de &hellip; <a href=\"https:\/\/www.gsara.tv\/irm\/?page_id=2\">Continuer la lecture <span class=\"meta-nav\">&rarr;<\/span><\/a><\/p>\n","protected":false},"author":2,"featured_media":0,"parent":0,"menu_order":0,"comment_status":"open","ping_status":"closed","template":"","meta":{"footnotes":""},"_links":{"self":[{"href":"https:\/\/www.gsara.tv\/irm\/index.php?rest_route=\/wp\/v2\/pages\/2"}],"collection":[{"href":"https:\/\/www.gsara.tv\/irm\/index.php?rest_route=\/wp\/v2\/pages"}],"about":[{"href":"https:\/\/www.gsara.tv\/irm\/index.php?rest_route=\/wp\/v2\/types\/page"}],"author":[{"embeddable":true,"href":"https:\/\/www.gsara.tv\/irm\/index.php?rest_route=\/wp\/v2\/users\/2"}],"replies":[{"embeddable":true,"href":"https:\/\/www.gsara.tv\/irm\/index.php?rest_route=%2Fwp%2Fv2%2Fcomments&post=2"}],"version-history":[{"count":18,"href":"https:\/\/www.gsara.tv\/irm\/index.php?rest_route=\/wp\/v2\/pages\/2\/revisions"}],"predecessor-version":[{"id":90,"href":"https:\/\/www.gsara.tv\/irm\/index.php?rest_route=\/wp\/v2\/pages\/2\/revisions\/90"}],"wp:attachment":[{"href":"https:\/\/www.gsara.tv\/irm\/index.php?rest_route=%2Fwp%2Fv2%2Fmedia&parent=2"}],"curies":[{"name":"wp","href":"https:\/\/api.w.org\/{rel}","templated":true}]}}