{"id":265,"date":"2017-02-21T14:22:20","date_gmt":"2017-02-21T13:22:20","guid":{"rendered":"http:\/\/www.gsara.tv\/charleroi\/sites_d_ateliers\/radio45\/?page_id=265"},"modified":"2017-07-05T12:38:55","modified_gmt":"2017-07-05T11:38:55","slug":"a-propos","status":"publish","type":"page","link":"https:\/\/www.gsara.tv\/charleroi\/sites_d_ateliers\/radio45\/a-propos\/","title":{"rendered":"\u00c0 propos"},"content":{"rendered":"<p>\u00ab\u00a0Radio 45, la radio pas sage du tout\u00a0\u00bb est la mat\u00e9rialisation d&rsquo;un atelier multim\u00e9dia hebdomadaire men\u00e9 par le <a href=\"http:\/\/gsara.tv\/charleroi\" target=\"_blank\">Gsara-Charleroi<\/a> au <a href=\"http:\/\/www.cpascharleroi.be\/action-collective\/le-passage-45\/ateliers45.html\" target=\"_blank\">Passage45<\/a>.<\/p>\n<p>Chaque semaine, nous essayons d&rsquo;enregistrer-monter une \u00e9mission.<\/p>\n<p>Nous voulons par ce m\u00e9dia donner la parole aux participants et aux citoyens carolos interrog\u00e9s dans ce cadre.<\/p>\n<p>Contact: catherine.thirion-AT-gsara.be<\/p>\n<p><a href=\"https:\/\/www.mixcloud.com\/Gsara_Charleroi\" target=\"_blank\">Mixcloud<\/a><br \/>\n<a href=\"https:\/\/www.facebook.com\/RadioP45\" target=\"_blank\">Facebook<\/a><\/p>\n","protected":false},"excerpt":{"rendered":"<p>\u00ab\u00a0Radio 45, la radio pas sage du tout\u00a0\u00bb est la mat\u00e9rialisation d&rsquo;un atelier multim\u00e9dia hebdomadaire men\u00e9 par le Gsara-Charleroi au<\/p>\n","protected":false},"author":1,"featured_media":0,"parent":0,"menu_order":0,"comment_status":"closed","ping_status":"closed","template":"","meta":[],"_links":{"self":[{"href":"https:\/\/www.gsara.tv\/charleroi\/sites_d_ateliers\/radio45\/wp-json\/wp\/v2\/pages\/265"}],"collection":[{"href":"https:\/\/www.gsara.tv\/charleroi\/sites_d_ateliers\/radio45\/wp-json\/wp\/v2\/pages"}],"about":[{"href":"https:\/\/www.gsara.tv\/charleroi\/sites_d_ateliers\/radio45\/wp-json\/wp\/v2\/types\/page"}],"author":[{"embeddable":true,"href":"https:\/\/www.gsara.tv\/charleroi\/sites_d_ateliers\/radio45\/wp-json\/wp\/v2\/users\/1"}],"replies":[{"embeddable":true,"href":"https:\/\/www.gsara.tv\/charleroi\/sites_d_ateliers\/radio45\/wp-json\/wp\/v2\/comments?post=265"}],"version-history":[{"count":8,"href":"https:\/\/www.gsara.tv\/charleroi\/sites_d_ateliers\/radio45\/wp-json\/wp\/v2\/pages\/265\/revisions"}],"predecessor-version":[{"id":811,"href":"https:\/\/www.gsara.tv\/charleroi\/sites_d_ateliers\/radio45\/wp-json\/wp\/v2\/pages\/265\/revisions\/811"}],"wp:attachment":[{"href":"https:\/\/www.gsara.tv\/charleroi\/sites_d_ateliers\/radio45\/wp-json\/wp\/v2\/media?parent=265"}],"curies":[{"name":"wp","href":"https:\/\/api.w.org\/{rel}","templated":true}]}}