{"id":28,"date":"2013-09-10T16:06:02","date_gmt":"2013-09-10T15:06:02","guid":{"rendered":"https:\/\/www.gsara.tv\/irm\/?page_id=28"},"modified":"2013-09-10T16:06:16","modified_gmt":"2013-09-10T15:06:16","slug":"a-propos","status":"publish","type":"page","link":"https:\/\/www.gsara.tv\/irm\/?page_id=28","title":{"rendered":"A propos"},"content":{"rendered":"<p>Le <a href=\"www.gsara.be\" title=\"Gsara\" target=\"_blank\">Gsara<\/a> est un mouvement d&rsquo;\u00c9ducation permanente active sur plusieurs fronts : l&rsquo;\u00e9ducation aux et par les m\u00e9dias, la collecte de la m\u00e9moire, le d\u00e9veloppement du dialogue interculturel et le d\u00e9veloppement d&rsquo;une d\u00e9mocratie et d&rsquo;une citoyennet\u00e9 active.<\/p>\n<p>Le Gsara (co-)produit \u00e9galement des documentaires \u00e0 vocation sociale, politique, culturelle ou p\u00e9dagogique, organise le Festival \u00ab\u00a0Filmer \u00e0 tout prix\u00a0\u00bb et met sur pied des campagnes d&rsquo;information et de sensibilisation.<\/p>\n","protected":false},"excerpt":{"rendered":"<p>Le Gsara est un mouvement d&rsquo;\u00c9ducation permanente active sur plusieurs fronts : l&rsquo;\u00e9ducation aux et par les m\u00e9dias, la collecte de la m\u00e9moire, le d\u00e9veloppement du dialogue interculturel et le d\u00e9veloppement d&rsquo;une d\u00e9mocratie et d&rsquo;une citoyennet\u00e9 active. Le Gsara (co-)produit &hellip; <a href=\"https:\/\/www.gsara.tv\/irm\/?page_id=28\">Continuer la lecture <span class=\"meta-nav\">&rarr;<\/span><\/a><\/p>\n","protected":false},"author":2,"featured_media":0,"parent":0,"menu_order":0,"comment_status":"closed","ping_status":"open","template":"","meta":{"footnotes":""},"class_list":["post-28","page","type-page","status-publish","hentry"],"_links":{"self":[{"href":"https:\/\/www.gsara.tv\/irm\/index.php?rest_route=\/wp\/v2\/pages\/28","targetHints":{"allow":["GET"]}}],"collection":[{"href":"https:\/\/www.gsara.tv\/irm\/index.php?rest_route=\/wp\/v2\/pages"}],"about":[{"href":"https:\/\/www.gsara.tv\/irm\/index.php?rest_route=\/wp\/v2\/types\/page"}],"author":[{"embeddable":true,"href":"https:\/\/www.gsara.tv\/irm\/index.php?rest_route=\/wp\/v2\/users\/2"}],"replies":[{"embeddable":true,"href":"https:\/\/www.gsara.tv\/irm\/index.php?rest_route=%2Fwp%2Fv2%2Fcomments&post=28"}],"version-history":[{"count":1,"href":"https:\/\/www.gsara.tv\/irm\/index.php?rest_route=\/wp\/v2\/pages\/28\/revisions"}],"predecessor-version":[{"id":29,"href":"https:\/\/www.gsara.tv\/irm\/index.php?rest_route=\/wp\/v2\/pages\/28\/revisions\/29"}],"wp:attachment":[{"href":"https:\/\/www.gsara.tv\/irm\/index.php?rest_route=%2Fwp%2Fv2%2Fmedia&parent=28"}],"curies":[{"name":"wp","href":"https:\/\/api.w.org\/{rel}","templated":true}]}}